{"id":18605,"date":"2020-11-05T14:53:46","date_gmt":"2020-11-05T13:53:46","guid":{"rendered":"https:\/\/swobbee.de\/?page_id=18605"},"modified":"2023-02-20T12:34:19","modified_gmt":"2023-02-20T11:34:19","slug":"agb-location","status":"publish","type":"page","link":"https:\/\/swobbee.com\/de\/agb-location\/","title":{"rendered":"AGB \/ Standortpartner Landingpage"},"content":{"rendered":"\t\t<div data-elementor-type=\"wp-page\" data-elementor-id=\"18605\" class=\"elementor elementor-18605\" data-elementor-post-type=\"page\">\n\t\t\t\t\t\t<section class=\"elementor-section elementor-top-section elementor-element elementor-element-677e2ae elementor-section-boxed elementor-section-height-default elementor-section-height-default\" data-id=\"677e2ae\" data-element_type=\"section\" data-e-type=\"section\">\n\t\t\t\t\t\t<div class=\"elementor-container elementor-column-gap-default\">\n\t\t\t\t\t<div class=\"elementor-column elementor-col-100 elementor-top-column elementor-element elementor-element-2973206\" data-id=\"2973206\" data-element_type=\"column\" data-e-type=\"column\">\n\t\t\t<div class=\"elementor-widget-wrap elementor-element-populated\">\n\t\t\t\t\t\t<div class=\"elementor-element elementor-element-077d718 elementor-widget elementor-widget-heading\" data-id=\"077d718\" data-element_type=\"widget\" data-e-type=\"widget\" data-widget_type=\"heading.default\">\n\t\t\t\t<div class=\"elementor-widget-container\">\n\t\t\t\t\t<h2 class=\"elementor-heading-title elementor-size-default\">ALLGEMEINE GESCH\u00c4FTSBEDINGUNGEN\n<\/h2>\t\t\t\t<\/div>\n\t\t\t\t<\/div>\n\t\t\t\t<div class=\"elementor-element elementor-element-794ff6d elementor-widget elementor-widget-heading\" data-id=\"794ff6d\" data-element_type=\"widget\" data-e-type=\"widget\" data-widget_type=\"heading.default\">\n\t\t\t\t<div class=\"elementor-widget-container\">\n\t\t\t\t\t<h3 class=\"elementor-heading-title elementor-size-default\">STANDORTVERTR\u00c4GE\n\n\n<\/h3>\t\t\t\t<\/div>\n\t\t\t\t<\/div>\n\t\t\t\t<div class=\"elementor-element elementor-element-28fbec1 elementor-widget elementor-widget-heading\" data-id=\"28fbec1\" data-element_type=\"widget\" data-e-type=\"widget\" data-widget_type=\"heading.default\">\n\t\t\t\t<div class=\"elementor-widget-container\">\n\t\t\t\t\t<h4 class=\"elementor-heading-title elementor-size-default\">SWOBBEE AKKUWECHSEL \/ -LADESTATION (\u201eSWOBBEE STATION\u201c)<\/h4>\t\t\t\t<\/div>\n\t\t\t\t<\/div>\n\t\t\t\t\t<\/div>\n\t\t<\/div>\n\t\t\t\t\t<\/div>\n\t\t<\/section>\n\t\t\t\t<section class=\"elementor-section elementor-top-section elementor-element elementor-element-e04996b elementor-section-boxed elementor-section-height-default elementor-section-height-default\" data-id=\"e04996b\" data-element_type=\"section\" data-e-type=\"section\">\n\t\t\t\t\t\t<div class=\"elementor-container elementor-column-gap-default\">\n\t\t\t\t\t<div class=\"elementor-column elementor-col-100 elementor-top-column elementor-element elementor-element-0ed06ce\" data-id=\"0ed06ce\" data-element_type=\"column\" data-e-type=\"column\">\n\t\t\t<div class=\"elementor-widget-wrap elementor-element-populated\">\n\t\t\t\t\t\t<div class=\"elementor-element elementor-element-69d45b8 elementor-widget elementor-widget-text-editor\" data-id=\"69d45b8\" data-element_type=\"widget\" data-e-type=\"widget\" data-widget_type=\"text-editor.default\">\n\t\t\t\t<div class=\"elementor-widget-container\">\n\t\t\t\t\t\t\t\t\t<h4 style=\"margin-bottom: 0cm; text-align: justify; line-height: normal; mso-layout-grid-align: none; text-autospace: none;\"><b>Pr\u00e4ambel<\/b><\/h4>\n<p>SWOBBEE hat das Ziel, gr\u00fcne Energie f\u00fcr jedermann bedarfsgerecht zur Verf\u00fcgung zu stellen. Um dieses Ziel zu erreichen, wird von SWOBBEE ein variabel einsetzbares Akku-System f\u00fcr eine Vielzahl mobiler Anwendungen angeboten. Hierzu geh\u00f6rt ein Netz von Swobbee Battery Swapping Stations (Swobbee BSS), an denen das Akku-System von SWOBBEE und anderen Partnern gegen geladene Akku-Systeme ausgetauscht werden kann.<\/p>\n<h5><strong>A. Allgemeine Regelungen<\/strong><\/h5>\n<p><strong>&nbsp;<\/strong>1. <span style=\"text-decoration: underline;\">Geltung der Allgemeinen Gesch\u00e4ftsbedingungen<\/span><\/p>\n<p style=\"padding-left: 40px;\">Nachstehende Bedingungen sind Bestandteil aller mit der Swobbee GmbH (nachfolgend \u201eSWOBBEE\u201c) geschlossener Vertr\u00e4ge.<\/p>\n<p style=\"padding-left: 40px;\">Es gelten ausschlie\u00dflich diese Allgemeinen Gesch\u00e4ftsbedingungen (AGB). AGB des anderen Vertragspartners (nachfolgend \u201eVertragspartner\u201c) wird widersprochen. Sie gelten nur, soweit SWOBBEE ihnen ausdr\u00fccklich zustimmt.<\/p>\n<ol start=\"2\">\n<li><span style=\"text-decoration: underline;\">Vertragsschluss, Vertretungsmacht<\/span><\/li>\n<\/ol>\n<p style=\"padding-left: 40px;\">Zum Vertragsschluss au\u00dferhalb von Gesch\u00e4ftsr\u00e4umen von SWOBBEE sind nur der Gesch\u00e4ftsf\u00fchrer und die Prokuristen von SWOBBEE sowie Personen, die eine von einem der zuvor genannten Vertreter unterzeichnete, schriftliche Abschlussvollmacht vorweisen k\u00f6nnen, befugt.<\/p>\n<ol start=\"3\">\n<li><span style=\"text-decoration: underline;\">Servicetelefon und Mailkontakt<\/span><\/li>\n<\/ol>\n<p style=\"padding-left: 40px;\">SWOBBEE betreibt ein Servicetelefon unter der <strong>Nr. +49-30\u2013639 287 252<\/strong>. Die aktuelle Servicenummer befindet sich auf den Swobbee Stations (Akku-Wechsel\/-Ladestationen, vgl. Ziffer B. I. 2.) und auf der R\u00fcckseite der RFID-Zugangskarten. Der Mailkontakt lautet: <strong>service@swobbee.com<\/strong><\/p>\n<p><strong>B. Besondere Bestimmungen <\/strong><\/p>\n<ol>\n<li><span style=\"text-decoration: underline;\">Vertragsgegenstand<\/span><\/li>\n<\/ol>\n<p style=\"padding-left: 40px;\">Der Vertragspartner vermietet SWOBBEE das vereinbarte Grundst\u00fcck zum Zwecke der Errichtung und dem Betrieb einer Swobbee BSS im eigenen Namen und auf eigene Rechnung.<\/p>\n<p>Der Vertragspartner ist berechtigt, das Grundst\u00fcck in dem hier vertragsgegenst\u00e4ndlichen Umfang kommerziell an Dritte unterzuvermieten und garantiert, dass dem vertragsgegenst\u00e4ndlichen Betrieb der Swobbee BSS keine technischen oder sonstigen Hindernisse entgegenstehen.<\/p>\n<p><\/p>\n<p>Bei Grundst\u00fccken au\u00dferhalb Deutschlands hat der Vertragspartner schriftlich nachzuweisen, dass er zu einer Vermietung berechtigt ist.<\/p>\n<p><\/p>\n<p>Der Vertragspartner erkl\u00e4rt sich mit der Errichtung und dem Betrieb einer Swobbee BSS durch SWOBBEE nach Ma\u00dfgabe der Regelungen in dieser Vereinbarung einverstanden.<\/p>\n<p><\/p>\n<p>Der Mietgegenstand wird wie besichtigt vermietet und ist nach Beendigung des Vertragsverh\u00e4ltnisses im urspr\u00fcnglichen Zustand zu verlassen.<\/p>\n<p><\/p>\n<p style=\"padding-left: 40px;\">Sch\u00e4den am Mietgegenstand sind dem Vertragspartner unverz\u00fcglich anzuzeigen<\/p>\n<ol start=\"2\">\n<li><span style=\"text-decoration: underline;\">Vertragsdauer, K\u00fcndigung<\/span><\/li>\n<\/ol>\n<p style=\"padding-left: 40px;\">Das Mietverh\u00e4ltnis kann nach Ablauf der Mindestmietdauer von beiden Parteien mit einer Frist von sechs Wochen zum Vertragsende gek\u00fcndigt werden. Andernfalls verl\u00e4ngert sich das Vertragsverh\u00e4ltnis um jeweils ein Jahr. Die K\u00fcndigung hat schriftlich zu erfolgen.<\/p>\n<p style=\"padding-left: 40px;\">Jede Vertragspartei kann den Vertrag aus wichtigem Grund fristlos k\u00fcndigen oder ist zum R\u00fccktritt vom Vertrag berechtigt. Als wichtiger Grund gilt insbesondere,<\/p>\n<p style=\"padding-left: 80px;\">(i)&nbsp;&nbsp;&nbsp;&nbsp; wenn \u00fcber das Verm\u00f6gen einer Vertragspartei das Insolvenzverfahren er\u00f6ffnet wird oder die Er\u00f6ffnung eines solchen Verfahrens mangels Masse abgelehnt wird,<\/p>\n<p style=\"padding-left: 80px;\">(ii)&nbsp; wenn der Vertragspartner oder dessen Beauftragte wesentliche vertragliche Pflichten verletzen,<\/p>\n<p style=\"padding-left: 80px;\">(iii) wenn die Erf\u00fcllung von Pflichten aus der Vertragsbeziehung oder die Aufrechterhaltung der Vertragsbeziehung mit der anderen Vertragspartei eine Verletzung von Sanktionen, Embargos oder einen sonstigen Versto\u00df gegen geltendes Recht der Europ\u00e4ischen Union, eines EU-Mitgliedstaates, der Schweiz, der Vereinten Nationen oder der USA darstellen w\u00fcrde.<\/p>\n<p style=\"padding-left: 40px;\">Als wichtiger Grund gilt f\u00fcr SWOBBEE ferner,<\/p>\n<p style=\"padding-left: 80px;\">-wenn die 24\/7 Zug\u00e4nglichkeit des Grundst\u00fccks nicht gew\u00e4hrleistet ist<\/p>\n<p style=\"padding-left: 80px;\">-wenn die Stromversorgung f\u00fcr mehr als drei Monate nicht gew\u00e4hrleistet ist<\/p>\n<p style=\"padding-left: 80px;\">-wenn die Auslastung der Swobbee BSS erheblich unter dem Durchschnitt liegt (ab 20 %)<\/p>\n<p style=\"padding-left: 80px;\">-wenn sich die Umgebung des Grundst\u00fccks wesentlich \u00e4ndert.<\/p>\n<p style=\"padding-left: 40px;\">In letzterem Fall kann der Vertragspartner die K\u00fcndigung abwenden, indem er einen angemessenen Ersatzstandort vorschl\u00e4gt.<\/p>\n<ol start=\"3\">\n<li><span style=\"text-decoration: underline;\">Strom- und Nebenkosten<\/span><\/li>\n<\/ol>\n<p style=\"padding-left: 40px;\">SWOBBEE \u00fcbernimmt die Installationskosten f\u00fcr die Swobbee BSS sowie grunds\u00e4tzlich die R\u00fcckbaukosten nach Beendigung des Vertragsverh\u00e4ltnisses.<\/p>\n<p style=\"padding-left: 40px;\">Die R\u00fcckbaukosten werden vom Vertragspartner getragen, falls das Mietverh\u00e4ltnis durch Verschulden des Vertragspartners vorzeitig endet.<\/p>\n<p style=\"padding-left: 40px;\">SWOBBEE tr\u00e4gt ferner die Nebenkosten und hier insbesondere die Stromkosten. Die Mengenablesung findet \u00fcber einen in der Swobbee BSS internen, geeichten Z\u00e4hler statt. Der Z\u00e4hler wird w\u00e4hrend der gesamten Vertragslaufzeit betriebsbereit gehalten und ist geeicht. Sollte dies nicht der Fall sein, ist SWOBBEE verpflichtet, die Swobbee BSS unverz\u00fcglich au\u00dfer Betrieb zu nehmen. Die Nebenkosten werden nach tats\u00e4chlichem Verbrauch abgerechnet. Der Vertragspartner darf gem\u00e4\u00df den gesetzlichen Vorgaben keinen pauschalen Aufschlag erheben, sofern er nicht selbst Stromh\u00e4ndler ist. Beide Parteien versuchen, den Bezug von \u00d6kostrom zu erm\u00f6glichen. Die Begleichung der Nebenkosten durch SWOBBEE erfolgt jeweils nach Ablauf von einem Jahr innerhalb von zehn Werktagen.<\/p>\n<p style=\"padding-left: 40px;\">Sollte kein geeigneter Netzanschluss bestehen, erkl\u00e4rt sich der Vertragspartner mit der Errichtung eines Netzanschlusses bzw. Z\u00e4hlpunktes durch SWOBBEE bereit, die einen Netzbetreiber beauftragen wird. Die Installationskosten sind vom Vertragspartner zu tragen, die Stromkosten tr\u00e4gt SWOBBEE.<\/p>\n<ol start=\"4\">\n<li><span style=\"text-decoration: underline;\">Genehmigungen und Erlaubnisse<\/span><\/li>\n<\/ol>\n<p style=\"padding-left: 40px;\">SWOBBEE ist f\u00fcr die Einhaltung s\u00e4mtlicher rechtlicher Vorgaben in Bezug auf die Errichtung und den Betrieb der Swobbee BSS, sowie f\u00fcr die Einholung und Unterhaltung der erforderlichen Genehmigungen und Erlaubnisse verantwortlich. SWOBBEE verpflichtet sich, die erforderlichen Versicherungen f\u00fcr die Swobbee BSS abzuschlie\u00dfen und den Abschluss bzw. das Fortbestehen dem Vertragspartner nachzuweisen. Die H\u00f6he der Deckungssummen f\u00fcr die Betriebs-\/Berufshaftpflichtversicherung inkl. der Umwelt-Haftpflichtversicherung sowie \u00d6ko-Haftungsversicherung betr\u00e4gt f\u00fcnfzehn Millionen Euro.<\/p>\n<p style=\"padding-left: 40px;\">Die Swobbee BSS wird von SWOBBEE bei der Feuerwehr angemeldet.<\/p>\n<p><strong>&nbsp;<\/strong><\/p>\n<ol start=\"5\">\n<li><span style=\"text-decoration: underline;\">Zugang zur Swobbee Station, Stromversorgung<\/span><\/li>\n<\/ol>\n<p style=\"padding-left: 40px;\">Der Vertragspartner h\u00e4lt den Standort f\u00fcr alle Kunden von SWOBBEE grunds\u00e4tzlich 24\/7 \u00f6ffentlich zug\u00e4nglich, sofern gesetzliche Bestimmungen und\/oder beh\u00f6rdliche Vorgaben dem nicht entgegenstehen.<\/p>\n<p style=\"padding-left: 40px;\">Zum Zweck der Errichtung, Inbetriebnahme und Instandhaltung der Swobbee BSS ist SWOBBEE berech\u00adtigt, Arbeiten am Standort sowie in seiner unmittelbaren Umgebung nach Ma\u00dfgabe dieser Vereinbarung fachgerecht auf eigene Kosten durchzuf\u00fchren.<\/p>\n<p style=\"padding-left: 40px;\">Der Vertragspartner ist jederzeit berechtigt, Umbau- und Instandhaltungsarbeiten auf den Grundst\u00fccken durchzuf\u00fchren oder durch Dritte vornehmen zu lassen und darf zu diesem Zweck jederzeit den Standort von SWOBBEE betreten. F\u00fcr den Fall, dass der Vertragspartner Bau- oder sonstige Ma\u00dfnahmen von nicht nur unerheblicher Dauer auf dem Grundst\u00fcck plant, die die Nutzung der Swobbee BSS am Standort beeintr\u00e4chtigen k\u00f6nnten, wird der Vertragspartner SWOBBEE rechtzeitig dar\u00fcber in Kenntnis setzen und sich bem\u00fchen, die Beeintr\u00e4chtigungen von SWOBBEE durch die Ma\u00dfnahmen so gering wie m\u00f6glich zu halten. Die Parteien sind sich einig, dass SWOBBEE keine Anspr\u00fcche, gleich aus welchem Rechtsgrund, daraus gegen den Vertragspartner geltend machen wird.<\/p>\n<p style=\"padding-left: 40px;\">Die Gew\u00e4hrleistung der Zug\u00e4nglichkeit 24\/7 und Stromversorgung einer Swobbee BSS durch den Vertragspartner ist eine wesentliche Vertragspflicht des Vertragspartners.<\/p>\n<ol start=\"6\">\n<li><span style=\"text-decoration: underline;\">Haftung, Betrieb und Wartung<\/span><\/li>\n<\/ol>\n<p>Die allgemeine Verkehrssicherungspflicht, mit Ausnahme des Standortes f\u00fcr die Swobbee BSS, liegt bei dem Vertragspartner.<\/p>\n<p><\/p>\n<p>SWOBBEE ist f\u00fcr die Wartung und Instandhaltung der Swobbee BSS am Standort allein verantwortlich. SWOBBEE verpflichtet sich, im zumutbaren Umfang darauf zu achten, dass der Standort und die von SWOBBEE errichteten Anlagen ein angemessenes und gepflegtes Erscheinungsbild zeigen.<\/p>\n<p><\/p>\n<p style=\"padding-left: 40px;\">Der Vertragspartner oder ein von ihm beauftragter Dritter verpflichtet sich, regelm\u00e4\u00dfig eine Sichtpr\u00fcfung der Swobbee BSS durchzuf\u00fchren. Sollten dabei Besch\u00e4digungen, Verschmutzungen oder Zugangsbarrieren auffallen, ist SWOBBEE unverz\u00fcglich telefonisch zu informieren und anzuzeigen. Die Servicenummern von SWOBBEE sind an der Swobbee BSS gut sichtbar angebracht.<\/p>\n<ol start=\"7\">\n<li><span style=\"text-decoration: underline;\">Werbung und Kommunikation<\/span><\/li>\n<\/ol>\n<p style=\"padding-left: 40px;\">Die Parteien werden alles unterlassen, was f\u00fcr die jeweils andere Partei erkennbar und vorhersehbar dem Vertrieb der Erzeugnisse der jeweils anderen Partei nicht nur unerheblich nachteilig sein k\u00f6nnte. Vor allem wird SWOBBEE auf der Swobbee BSS keine Werbung f\u00fcr Konkurrenzunternehmen vom Vertragspartner schalten und umgekehrt.<\/p>\n<p style=\"padding-left: 40px;\">SWOBBEE ist berechtigt, nur am Automaten selbst, d.h. an der Au\u00dfenfront der Swobbee BSS Firmenschilder, Leuchtreklame sowie Schauk\u00e4sten oder \u00c4hnliches anzubringen. Die gesetzlichen Vorschriften \u00fcber Au\u00dfenreklame an Automaten sind zu beachten.<\/p>\n<p style=\"padding-left: 40px;\">Werbung auf der Swobbee BSS durch den Vertragspartner oder Dritte ist nur nach schriftlicher Vereinbarung und gegen Entgelt zul\u00e4ssig.<\/p>\n<p style=\"padding-left: 40px;\">Bei einer Verletzung der vorgenannten Pflichten, ist die andere Partei unter angemessener Fristsetzung aufzufordern, die Pflichtverletzung zu unterlassen.<\/p>\n<p style=\"padding-left: 40px;\">SWOBBEE ist berechtigt, die Swobbee BSS in Wort und Bild in ihrer Kommunikation mit Beteiligten und Dritten zu gebrauchen. Der Vertragspartner wird SWOBBEE bei Bedarf eine entsprechende Einverst\u00e4ndniserkl\u00e4rung ausstellen.<\/p>\n<p><strong>C. Schlussvorschriften<\/strong><\/p>\n<ol>\n<li><span style=\"text-decoration: underline;\">Haftung<\/span><\/li>\n<\/ol>\n<p>SWOBBEE haftet im gesetzlichen Rahmen unbeschr\u00e4nkt f\u00fcr Vorsatz und grobe Fahrl\u00e4ssigkeit.<\/p>\n<p><\/p>\n<p>F\u00fcr einfache Fahrl\u00e4ssigkeit haftet SWOBBEE \u2013 au\u00dfer im Falle der Verletzung des Lebens, des K\u00f6rpers oder der Gesundheit \u2013 nur, sofern wesentliche Vertragspflichten (Kardinalpflichten) von SWOBBEE verletzt wurden. Die Haftung ist begrenzt auf den vertragstypischen und vorhersehbaren Schaden.<\/p>\n<p><\/p>\n<p>Die Haftung von SWOBBEE f\u00fcr mittelbare und unvorhersehbare Sch\u00e4den, inkl. so genannte Mangelfolgesch\u00e4den, Produktions- und Nutzungsausfall, entgangener Gewinn, ausgebliebene Einsparungen und Verm\u00f6genssch\u00e4den wegen Anspr\u00fcchen Dritter, ist im Falle einfacher Fahrl\u00e4ssigkeit \u2013 au\u00dfer im Falle der Verletzung des Lebens, des K\u00f6rpers oder der Gesundheit \u2013 ausgeschlossen.<\/p>\n<p><\/p>\n<p style=\"padding-left: 40px;\">Eine weitergehende Haftung von SWOBBEE als in diesem Vertrag vorgesehen ist \u2013 ohne R\u00fccksicht auf die Rechtsnatur des geltend gemachten Anspruchs \u2013 ausgeschlossen. Vorstehende Haftungsbeschr\u00e4nkungen bzw. -ausschl\u00fcsse gelten jedoch nicht im Falle der Verletzung des Lebens, des K\u00f6rpers oder der Gesundheit und bei einer gesetzlich zwingend vorgeschriebene verschuldensunabh\u00e4ngige Haftung (z. B. gem\u00e4\u00df Produkthaftungsgesetz) oder die Haftung aus einer verschuldensunabh\u00e4ngigen Garantie.<\/p>\n<ol start=\"2\">\n<li><span style=\"text-decoration: underline;\">Datenschutz<\/span><\/li>\n<\/ol>\n<p>SWOBBEE verarbeitet personenbezogene Daten des Vertragspartners, z.B. Firma, Anschrift, Telefonnummer, E-Mail-Adresse und Bankverbindung, zum Zwecke der Erf\u00fcllung des Vertrages, &nbsp;der Abwicklung des Zahlungsverkehrs, Durchsetzung von Vertragserf\u00fcllungsanspr\u00fcchen, Forderungsmanagements\u2013 \/ Forderungseinziehung und zur Erf\u00fcllung gesetzlicher und vertraglicher Informations-, Mitteilungs-, Auskunfts- und Aufbewahrungspflichten, sowie sonstigen Pflichten und Rechten. Rechtsgrundlage f\u00fcr die Datenverarbeitung ist Art. 6 Abs. 1 Satz 1 lit. a, b c und\/oder lit. f DSGVO. M\u00f6gliche Empf\u00e4nger der personenbezogenen Daten sind: Gerichte, Beh\u00f6rden, Vollstreckungsorgane oder sonstige Organe der Rechtspflege und Steuerberater.<\/p>\n<p><\/p>\n<p>SWOBBEE ist berechtigt, Dienstleister im Wege der Auftragsverarbeitung einzusetzen, insbesondere f\u00fcr die Bereitstellung, Wartung und Pflege von IT-Systemen. Die Auftragsverarbeiter sind vertraglich verpflichtet, ein Datensicherheitsniveau zu gew\u00e4hrleisten, das dem von SWOBBEE gew\u00e4hrleisteten Datensicherheitsniveau entspricht. Soweit Auftragsverarbeiter in L\u00e4ndern au\u00dferhalb der EU\/dem EWR ans\u00e4ssig sind, welche nicht ein Datenschutzniveau gew\u00e4hrleisten, das in der EU\/dem EWR als angemessen angesehen wird, hat SWOBBEE mit diesen entsprechende Vertr\u00e4ge abgeschlossen, oder es bestehen andere Garantien, die sicherstellen, dass alle notwendigen Ma\u00dfnahmen zum Schutz der Daten entsprechend den geltenden Anforderungen ergriffen werden.<\/p>\n<p><\/p>\n<p>Die personenbezogenen Daten werden so lange gespeichert, wie f\u00fcr die jeweiligen Zwecke erforderlich, anschlie\u00dfend werden sie gel\u00f6scht.<\/p>\n<p><\/p>\n<p style=\"padding-left: 40px;\">Der Vertragspartner hat jederzeit ein Recht auf Auskunft und Berichtigung der personenbezogenen Daten, sowie bei Vorliegen der Voraussetzungen auf deren L\u00f6schung, Einschr\u00e4nkung oder Widerspruch gegen deren Verarbeitung. Sofern die Verarbeitung auf einer Einwilligung des Vertragspartners beruht, hat der Vertragspartner das Recht, die Einwilligung jederzeit zu widerrufen. Die Kontaktdaten von SWOBBEE zu diesen Zwecken lauten:<\/p>\n<p style=\"padding-left: 40px;\">Tel.: <strong>+49-30-639 287 250<\/strong>&nbsp;&nbsp;&nbsp;&nbsp;&nbsp;&nbsp;&nbsp;&nbsp;&nbsp;&nbsp;&nbsp;&nbsp; E-Mail:<strong> info@swobbee.com<\/strong><\/p>\n<p style=\"padding-left: 40px;\">Der Vertragspartner hat ferner das Recht, bei der Aufsichtsbeh\u00f6rde f\u00fcr Datenschutz Beschwerde einzureichen.<\/p>\n<p><strong>&nbsp;<\/strong><\/p>\n<ol start=\"3\">\n<li><span style=\"text-decoration: underline;\">Anti-Korruptionsverpflichtung<\/span><\/li>\n<\/ol>\n<p>Beide Parteien haben im Hinblick auf Bestechung, Korruption und Geldw\u00e4sche eine Null-Toleranz-Policy. Die Parteien werden im Zusammenhang mit diesem Vertrag alle auf sie anwendbaren Gesetze und Vorschriften gegen Korruption, Bestechung und Geldw\u00e4sche beachten. In diesem Rahmen gew\u00e4hrleisten sie, dass sie selbst, ihre gesetzlichen Vertreter, ihre Mitarbeiter oder ein beauftragter Dritter im Zusammenhang mit dem Abschluss und der Durchf\u00fchrung dieses Vertrages keine Handlungen, die nach anwendbarem Recht als widerrechtliche Praxis, Bestechung oder Schmiergeldzahlung z. B. an Amtstr\u00e4ger betrachtet werden k\u00f6nnten, vornehmen werden (nachfolgend insgesamt \u201eAntikorruptions-Verpflichtungen\u201c).<\/p>\n<p><\/p>\n<p style=\"padding-left: 40px;\">Die Parteien sind verpflichtet, (a) den jeweils anderen Vertragspartner im Detail jeden Versto\u00df gegen die Antikorruptions-Verpflichtungen im Rahmen des Vertrages unverz\u00fcglich schriftlich mitzuteilen, (b) die Einhaltung der Antikorruptions-Verpflichtungen sicherzustellen und (c) es dem anderen Vertragspartner im Falle eines Versto\u00dfes gegen die Antikorruptions-Verpflichtungen zu gestatten, relevante Dokumente, die im Zusammenhang mit diesem Vertrag und den Antikorruptions-Verpflichtungen stehen, durch eine zur Berufsverschwiegenheit verpflichtete und von ihm beauftragte Person (z. B. Wirtschaftspr\u00fcfer) auf einen m\u00f6glichen Versto\u00df gegen die Antikorruptions-Verpflichtungen \u00fcberpr\u00fcfen und hiervon Kopien fertigen zu lassen. Ergibt die Auditierung, dass der Vertragspartner gegen die Antikorruptions-Verpflichtungen versto\u00dfen hat, tr\u00e4gt dieser die Kosten der Auditierung.<\/p>\n<ol start=\"4\">\n<li><span style=\"text-decoration: underline;\">Recht und Gerichtsstand<\/span><\/li>\n<\/ol>\n<p style=\"padding-left: 40px;\">Es gilt deutsches Recht. Gerichtsstand ist, soweit rechtlich zul\u00e4ssig, Berlin-Sch\u00f6neberg.<\/p>\n<ol start=\"5\">\n<li><span style=\"text-decoration: underline;\">Schriftform<\/span><\/li>\n<\/ol>\n<p style=\"padding-left: 40px;\">Mit SWOBBEE schriftlich geschlossene Vertr\u00e4ge k\u00f6nnen nur durch eine schriftliche Vereinbarung ge\u00e4ndert oder erg\u00e4nzt werden. Auch das Abbedingen des Schriftformerfordernisses kann nur schriftlich erfolgen. M\u00fcndliche Vereinbarungen und \u00c4nderungen zu schriftlich geschlossenen Vertr\u00e4gen gelten nur, wenn sie schriftlich best\u00e4tigt sind.<\/p>\n<ol start=\"6\">\n<li><span style=\"text-decoration: underline;\">Salvatorische Klausel<\/span><\/li>\n<\/ol>\n<p style=\"padding-left: 40px;\">Ist oder wird eine Bestimmung des Vertrages unwirksam, so ber\u00fchrt dies die Wirksamkeit des Vertrages nicht. Anstelle der unwirksamen oder undurchf\u00fchrbaren Bestimmung, oder zur Ausf\u00fcllung der L\u00fccke, werden SWOBBEE und der Vertragspartner eine angemessene Reglung vereinbaren, die dem am n\u00e4chsten kommt, was SWOBBEE und der Vertragspartner gewollt haben oder nach dem Sinn und Zweck des Vertrages gewollt h\u00e4tten, sofern sie bei Abschluss des Vertrages oder bei der sp\u00e4teren Aufnahme einer Bestimmung, den Punkt bedacht h\u00e4tten.<\/p>\n<p>Stand: Berlin, den 10.03.2020<\/p>\t\t\t\t\t\t\t\t<\/div>\n\t\t\t\t<\/div>\n\t\t\t\t\t<\/div>\n\t\t<\/div>\n\t\t\t\t\t<\/div>\n\t\t<\/section>\n\t\t\t\t<\/div>\n\t\t","protected":false},"excerpt":{"rendered":"<p>ALLGEMEINE GESCH\u00c4FTSBEDINGUNGEN STANDORTVERTR\u00c4GE SWOBBEE AKKUWECHSEL \/ -LADESTATION (\u201eSWOBBEE STATION\u201c) Pr\u00e4ambel SWOBBEE hat das Ziel, gr\u00fcne Energie f\u00fcr jedermann bedarfsgerecht zur Verf\u00fcgung zu stellen. Um dieses&hellip;<\/p>\n","protected":false},"author":207,"featured_media":0,"parent":0,"menu_order":0,"comment_status":"closed","ping_status":"closed","template":"elementor_canvas","meta":{"footnotes":"","_links_to":"","_links_to_target":""},"class_list":["post-18605","page","type-page","status-publish","hentry"],"_links":{"self":[{"href":"https:\/\/swobbee.com\/de\/wp-json\/wp\/v2\/pages\/18605","targetHints":{"allow":["GET"]}}],"collection":[{"href":"https:\/\/swobbee.com\/de\/wp-json\/wp\/v2\/pages"}],"about":[{"href":"https:\/\/swobbee.com\/de\/wp-json\/wp\/v2\/types\/page"}],"author":[{"embeddable":true,"href":"https:\/\/swobbee.com\/de\/wp-json\/wp\/v2\/users\/207"}],"replies":[{"embeddable":true,"href":"https:\/\/swobbee.com\/de\/wp-json\/wp\/v2\/comments?post=18605"}],"version-history":[{"count":0,"href":"https:\/\/swobbee.com\/de\/wp-json\/wp\/v2\/pages\/18605\/revisions"}],"wp:attachment":[{"href":"https:\/\/swobbee.com\/de\/wp-json\/wp\/v2\/media?parent=18605"}],"curies":[{"name":"wp","href":"https:\/\/api.w.org\/{rel}","templated":true}]}}