{"id":34078,"date":"2023-03-21T12:25:09","date_gmt":"2023-03-21T11:25:09","guid":{"rendered":"https:\/\/swobbee.de\/?page_id=34078"},"modified":"2026-02-20T13:34:22","modified_gmt":"2026-02-20T12:34:22","slug":"nachhaltigkeit","status":"publish","type":"page","link":"https:\/\/swobbee.com\/de\/nachhaltigkeit\/","title":{"rendered":"NACHHALTIGKEIT"},"content":{"rendered":"\t\t<div data-elementor-type=\"wp-page\" data-elementor-id=\"34078\" class=\"elementor elementor-34078\" data-elementor-post-type=\"page\">\n\t\t\t\t\t\t<section class=\"elementor-section elementor-top-section elementor-element elementor-element-d2355dd elementor-section-height-min-height elementor-hidden-mobile elementor-section-boxed elementor-section-height-default elementor-section-items-middle\" data-id=\"d2355dd\" data-element_type=\"section\" data-e-type=\"section\" data-settings=\"{&quot;background_background&quot;:&quot;gradient&quot;}\">\n\t\t\t\t\t\t<div class=\"elementor-container elementor-column-gap-default\">\n\t\t\t\t\t<div class=\"elementor-column elementor-col-100 elementor-top-column elementor-element elementor-element-0f92198\" data-id=\"0f92198\" data-element_type=\"column\" data-e-type=\"column\">\n\t\t\t<div class=\"elementor-widget-wrap elementor-element-populated\">\n\t\t\t\t\t\t<div class=\"elementor-element elementor-element-6614a97 elementor-widget elementor-widget-heading\" data-id=\"6614a97\" data-element_type=\"widget\" data-e-type=\"widget\" data-widget_type=\"heading.default\">\n\t\t\t\t<div class=\"elementor-widget-container\">\n\t\t\t\t\t<h2 class=\"elementor-heading-title elementor-size-default\">Unser Beitrag zu lebenswerten St\u00e4dten<\/h2>\t\t\t\t<\/div>\n\t\t\t\t<\/div>\n\t\t\t\t\t<\/div>\n\t\t<\/div>\n\t\t\t\t\t<\/div>\n\t\t<\/section>\n\t\t<div class=\"elementor-element elementor-element-f831987 e-flex e-con-boxed e-con e-parent\" data-id=\"f831987\" data-element_type=\"container\" data-e-type=\"container\" data-settings=\"{&quot;background_background&quot;:&quot;classic&quot;,&quot;shape_divider_bottom&quot;:&quot;waves&quot;}\">\n\t\t\t\t\t<div class=\"e-con-inner\">\n\t\t\t\t<div class=\"elementor-shape elementor-shape-bottom\" aria-hidden=\"true\" data-negative=\"false\">\n\t\t\t<svg xmlns=\"http:\/\/www.w3.org\/2000\/svg\" viewBox=\"0 0 1000 100\" preserveAspectRatio=\"none\">\n\t<path class=\"elementor-shape-fill\" d=\"M421.9,6.5c22.6-2.5,51.5,0.4,75.5,5.3c23.6,4.9,70.9,23.5,100.5,35.7c75.8,32.2,133.7,44.5,192.6,49.7\n\tc23.6,2.1,48.7,3.5,103.4-2.5c54.7-6,106.2-25.6,106.2-25.6V0H0v30.3c0,0,72,32.6,158.4,30.5c39.2-0.7,92.8-6.7,134-22.4\n\tc21.2-8.1,52.2-18.2,79.7-24.2C399.3,7.9,411.6,7.5,421.9,6.5z\"\/>\n<\/svg>\t\t<\/div>\n\t\t\t\t<div class=\"elementor-element elementor-element-7c9a9c0 elementor-widget elementor-widget-heading\" data-id=\"7c9a9c0\" data-element_type=\"widget\" data-e-type=\"widget\" data-widget_type=\"heading.default\">\n\t\t\t\t<div class=\"elementor-widget-container\">\n\t\t\t\t\t<h2 class=\"elementor-heading-title elementor-size-default\">Nachhaltigkeit<\/h2>\t\t\t\t<\/div>\n\t\t\t\t<\/div>\n\t\t\t\t\t<\/div>\n\t\t\t\t<\/div>\n\t\t<div class=\"elementor-element elementor-element-eb34748 e-flex e-con-boxed e-con e-parent\" data-id=\"eb34748\" data-element_type=\"container\" data-e-type=\"container\">\n\t\t\t\t\t<div class=\"e-con-inner\">\n\t\t<div class=\"elementor-element elementor-element-2d0869f e-con-full e-flex e-con e-child\" data-id=\"2d0869f\" data-element_type=\"container\" data-e-type=\"container\">\n\t\t\t\t<div class=\"elementor-element elementor-element-d4632ea elementor-widget elementor-widget-heading\" data-id=\"d4632ea\" data-element_type=\"widget\" data-e-type=\"widget\" data-widget_type=\"heading.default\">\n\t\t\t\t<div class=\"elementor-widget-container\">\n\t\t\t\t\t<h2 class=\"elementor-heading-title elementor-size-default\">Akkus effizienter nutzen<\/h2>\t\t\t\t<\/div>\n\t\t\t\t<\/div>\n\t\t\t\t<div class=\"elementor-element elementor-element-f0f77d8 elementor-widget elementor-widget-text-editor\" data-id=\"f0f77d8\" data-element_type=\"widget\" data-e-type=\"widget\" data-widget_type=\"text-editor.default\">\n\t\t\t\t<div class=\"elementor-widget-container\">\n\t\t\t\t\t\t\t\t\t<p>Dank intelligentem Akkumanagement und Klimatisierung werden die Akkus in Swobbee-Stationen unter optimalen Bedingungen geladen und aufbewahrt. Dies verl\u00e4ngert die Lebensdauer der Akkus, die somit l\u00e4nger genutzt werden k\u00f6nnen. Au\u00dferdem f\u00fchrt ein gemeinschaftlich genutzter Akku-Pool dazu, dass insgesamt viel weniger Akkus ben\u00f6tigt werden.<\/p>\t\t\t\t\t\t\t\t<\/div>\n\t\t\t\t<\/div>\n\t\t\t\t<\/div>\n\t\t<div class=\"elementor-element elementor-element-8367f97 e-con-full e-flex e-con e-child\" data-id=\"8367f97\" data-element_type=\"container\" data-e-type=\"container\">\n\t\t\t\t<div class=\"elementor-element elementor-element-3ce3dd9 elementor-widget elementor-widget-image\" data-id=\"3ce3dd9\" data-element_type=\"widget\" data-e-type=\"widget\" data-widget_type=\"image.default\">\n\t\t\t\t<div class=\"elementor-widget-container\">\n\t\t\t\t\t\t\t\t\t\t\t\t\t\t\t<img fetchpriority=\"high\" decoding=\"async\" width=\"374\" height=\"390\" src=\"https:\/\/swobbee.com\/wp-content\/uploads\/2026\/02\/usecases_illustration_isometric-city-374x390.png\" class=\"attachment-large size-large wp-image-48284\" alt=\"\" srcset=\"https:\/\/swobbee.com\/wp-content\/uploads\/2026\/02\/usecases_illustration_isometric-city-374x390.png 374w, https:\/\/swobbee.com\/wp-content\/uploads\/2026\/02\/usecases_illustration_isometric-city-365x380.png 365w, https:\/\/swobbee.com\/wp-content\/uploads\/2026\/02\/usecases_illustration_isometric-city-768x800.png 768w, https:\/\/swobbee.com\/wp-content\/uploads\/2026\/02\/usecases_illustration_isometric-city-1475x1536.png 1475w, https:\/\/swobbee.com\/wp-content\/uploads\/2026\/02\/usecases_illustration_isometric-city-1966x2048.png 1966w, https:\/\/swobbee.com\/wp-content\/uploads\/2026\/02\/usecases_illustration_isometric-city-16x16.png 16w, https:\/\/swobbee.com\/wp-content\/uploads\/2026\/02\/usecases_illustration_isometric-city.png 2000w\" sizes=\"(max-width: 374px) 100vw, 374px\" \/>\t\t\t\t\t\t\t\t\t\t\t\t\t\t\t<\/div>\n\t\t\t\t<\/div>\n\t\t\t\t<\/div>\n\t\t\t\t\t<\/div>\n\t\t\t\t<\/div>\n\t\t<div class=\"elementor-element elementor-element-ef8a2fd e-flex e-con-boxed e-con e-parent\" data-id=\"ef8a2fd\" data-element_type=\"container\" data-e-type=\"container\" data-settings=\"{&quot;background_background&quot;:&quot;classic&quot;,&quot;shape_divider_top&quot;:&quot;waves&quot;,&quot;shape_divider_bottom&quot;:&quot;waves&quot;}\">\n\t\t\t\t\t<div class=\"e-con-inner\">\n\t\t\t\t<div class=\"elementor-shape elementor-shape-top\" aria-hidden=\"true\" data-negative=\"false\">\n\t\t\t<svg xmlns=\"http:\/\/www.w3.org\/2000\/svg\" viewBox=\"0 0 1000 100\" preserveAspectRatio=\"none\">\n\t<path class=\"elementor-shape-fill\" d=\"M421.9,6.5c22.6-2.5,51.5,0.4,75.5,5.3c23.6,4.9,70.9,23.5,100.5,35.7c75.8,32.2,133.7,44.5,192.6,49.7\n\tc23.6,2.1,48.7,3.5,103.4-2.5c54.7-6,106.2-25.6,106.2-25.6V0H0v30.3c0,0,72,32.6,158.4,30.5c39.2-0.7,92.8-6.7,134-22.4\n\tc21.2-8.1,52.2-18.2,79.7-24.2C399.3,7.9,411.6,7.5,421.9,6.5z\"\/>\n<\/svg>\t\t<\/div>\n\t\t\t\t<div class=\"elementor-shape elementor-shape-bottom\" aria-hidden=\"true\" data-negative=\"false\">\n\t\t\t<svg xmlns=\"http:\/\/www.w3.org\/2000\/svg\" viewBox=\"0 0 1000 100\" preserveAspectRatio=\"none\">\n\t<path class=\"elementor-shape-fill\" d=\"M421.9,6.5c22.6-2.5,51.5,0.4,75.5,5.3c23.6,4.9,70.9,23.5,100.5,35.7c75.8,32.2,133.7,44.5,192.6,49.7\n\tc23.6,2.1,48.7,3.5,103.4-2.5c54.7-6,106.2-25.6,106.2-25.6V0H0v30.3c0,0,72,32.6,158.4,30.5c39.2-0.7,92.8-6.7,134-22.4\n\tc21.2-8.1,52.2-18.2,79.7-24.2C399.3,7.9,411.6,7.5,421.9,6.5z\"\/>\n<\/svg>\t\t<\/div>\n\t\t<div class=\"elementor-element elementor-element-23e82f5 e-con-full e-flex e-con e-child\" data-id=\"23e82f5\" data-element_type=\"container\" data-e-type=\"container\">\n\t\t\t\t<div class=\"elementor-element elementor-element-5c5c946 elementor-widget elementor-widget-image\" data-id=\"5c5c946\" data-element_type=\"widget\" data-e-type=\"widget\" data-widget_type=\"image.default\">\n\t\t\t\t<div class=\"elementor-widget-container\">\n\t\t\t\t\t\t\t\t\t\t\t\t\t\t\t<img decoding=\"async\" width=\"585\" height=\"390\" src=\"https:\/\/swobbee.com\/wp-content\/uploads\/2026\/02\/renewable-resources-585x390.jpg\" class=\"attachment-large size-large wp-image-48263\" alt=\"\" srcset=\"https:\/\/swobbee.com\/wp-content\/uploads\/2026\/02\/renewable-resources-585x390.jpg 585w, https:\/\/swobbee.com\/wp-content\/uploads\/2026\/02\/renewable-resources-570x380.jpg 570w, https:\/\/swobbee.com\/wp-content\/uploads\/2026\/02\/renewable-resources-768x512.jpg 768w, https:\/\/swobbee.com\/wp-content\/uploads\/2026\/02\/renewable-resources.jpg 1500w\" sizes=\"(max-width: 585px) 100vw, 585px\" \/>\t\t\t\t\t\t\t\t\t\t\t\t\t\t\t<\/div>\n\t\t\t\t<\/div>\n\t\t\t\t<\/div>\n\t\t<div class=\"elementor-element elementor-element-fe6b1e1 e-con-full e-flex e-con e-child\" data-id=\"fe6b1e1\" data-element_type=\"container\" data-e-type=\"container\">\n\t\t\t\t<div class=\"elementor-element elementor-element-ecec04e elementor-widget elementor-widget-heading\" data-id=\"ecec04e\" data-element_type=\"widget\" data-e-type=\"widget\" data-widget_type=\"heading.default\">\n\t\t\t\t<div class=\"elementor-widget-container\">\n\t\t\t\t\t<h2 class=\"elementor-heading-title elementor-size-default\">Ressourcen schonen<\/h2>\t\t\t\t<\/div>\n\t\t\t\t<\/div>\n\t\t\t\t<div class=\"elementor-element elementor-element-d1bf60e elementor-widget elementor-widget-text-editor\" data-id=\"d1bf60e\" data-element_type=\"widget\" data-e-type=\"widget\" data-widget_type=\"text-editor.default\">\n\t\t\t\t<div class=\"elementor-widget-container\">\n\t\t\t\t\t\t\t\t\t<p>Swobbee \u2013 das ist eine Lade- und Wechselstation f\u00fcr alle! Unsere hersteller\u00fcbergreifene L\u00f6sung f\u00fcr die gesamte Mikromobilit\u00e4t macht ressourcenintensive und inkompatible Insell\u00f6sungen unn\u00f6tig. Unternehmen m\u00fcssen au\u00dferdem keine eigene Ladeinfrastruktur aufbauen und unterhalten. Defekte Akkus werden dank 24\/7-Monitoring sofort erkannt und aus dem System genommen. Ist eine Reparatur nicht m\u00f6glich, werden die ausgedienten Akkus dem Recycling zugef\u00fchrt, damit die wertvollen Rohstoffe erhalten bleiben.<\/p>\t\t\t\t\t\t\t\t<\/div>\n\t\t\t\t<\/div>\n\t\t\t\t<\/div>\n\t\t\t\t\t<\/div>\n\t\t\t\t<\/div>\n\t\t<div class=\"elementor-element elementor-element-150ed8a e-flex e-con-boxed e-con e-parent\" data-id=\"150ed8a\" data-element_type=\"container\" data-e-type=\"container\">\n\t\t\t\t\t<div class=\"e-con-inner\">\n\t\t<div class=\"elementor-element elementor-element-7277dc2 e-con-full e-flex e-con e-child\" data-id=\"7277dc2\" data-element_type=\"container\" data-e-type=\"container\">\n\t\t\t\t<div class=\"elementor-element elementor-element-c130558 elementor-widget elementor-widget-heading\" data-id=\"c130558\" data-element_type=\"widget\" data-e-type=\"widget\" data-widget_type=\"heading.default\">\n\t\t\t\t<div class=\"elementor-widget-container\">\n\t\t\t\t\t<h2 class=\"elementor-heading-title elementor-size-default\">CO2 einsparen<\/h2>\t\t\t\t<\/div>\n\t\t\t\t<\/div>\n\t\t\t\t<div class=\"elementor-element elementor-element-6bc2e4c elementor-widget elementor-widget-text-editor\" data-id=\"6bc2e4c\" data-element_type=\"widget\" data-e-type=\"widget\" data-widget_type=\"text-editor.default\">\n\t\t\t\t<div class=\"elementor-widget-container\">\n\t\t\t\t\t\t\t\t\t<p>Eine dezentrale Lade- und Wechselinfrastruktur f\u00fcr Sharing, Transport und Logistik spart CO2, L\u00e4rm und Verkehr. Unternehmen m\u00fcssen die Akkus nicht mehr mit Transportern einsammeln und zu Lagerh\u00e4usern zum Aufladen bringen. Die Batterien werden einfach dort geladen, wo sie ben\u00f6tigt werden, w\u00e4hrend die E-Fahrzeuge dank schnellem Akkuwechsel keine Ausfallzeiten haben.<\/p>\t\t\t\t\t\t\t\t<\/div>\n\t\t\t\t<\/div>\n\t\t\t\t<\/div>\n\t\t<div class=\"elementor-element elementor-element-061673f e-con-full e-flex e-con e-child\" data-id=\"061673f\" data-element_type=\"container\" data-e-type=\"container\">\n\t\t\t\t<div class=\"elementor-element elementor-element-98d2725 elementor-widget elementor-widget-image\" data-id=\"98d2725\" data-element_type=\"widget\" data-e-type=\"widget\" data-widget_type=\"image.default\">\n\t\t\t\t<div class=\"elementor-widget-container\">\n\t\t\t\t\t\t\t\t\t\t\t\t\t\t\t<img decoding=\"async\" width=\"475\" height=\"390\" src=\"https:\/\/swobbee.com\/wp-content\/uploads\/2026\/02\/Screenshot-2026-02-20-131750-475x390.png\" class=\"attachment-large size-large wp-image-48286\" alt=\"Warehouse with smoke and delivery vehicles\" srcset=\"https:\/\/swobbee.com\/wp-content\/uploads\/2026\/02\/Screenshot-2026-02-20-131750-475x390.png 475w, https:\/\/swobbee.com\/wp-content\/uploads\/2026\/02\/Screenshot-2026-02-20-131750-463x380.png 463w, https:\/\/swobbee.com\/wp-content\/uploads\/2026\/02\/Screenshot-2026-02-20-131750-768x631.png 768w, https:\/\/swobbee.com\/wp-content\/uploads\/2026\/02\/Screenshot-2026-02-20-131750-1536x1261.png 1536w, https:\/\/swobbee.com\/wp-content\/uploads\/2026\/02\/Screenshot-2026-02-20-131750.png 1723w\" sizes=\"(max-width: 475px) 100vw, 475px\" \/>\t\t\t\t\t\t\t\t\t\t\t\t\t\t\t<\/div>\n\t\t\t\t<\/div>\n\t\t\t\t<\/div>\n\t\t\t\t\t<\/div>\n\t\t\t\t<\/div>\n\t\t<div class=\"elementor-element elementor-element-3f33976 e-flex e-con-boxed e-con e-parent\" data-id=\"3f33976\" data-element_type=\"container\" data-e-type=\"container\" data-settings=\"{&quot;background_background&quot;:&quot;classic&quot;,&quot;shape_divider_top&quot;:&quot;waves&quot;,&quot;shape_divider_bottom&quot;:&quot;waves&quot;}\">\n\t\t\t\t\t<div class=\"e-con-inner\">\n\t\t\t\t<div class=\"elementor-shape elementor-shape-top\" aria-hidden=\"true\" data-negative=\"false\">\n\t\t\t<svg xmlns=\"http:\/\/www.w3.org\/2000\/svg\" viewBox=\"0 0 1000 100\" preserveAspectRatio=\"none\">\n\t<path class=\"elementor-shape-fill\" d=\"M421.9,6.5c22.6-2.5,51.5,0.4,75.5,5.3c23.6,4.9,70.9,23.5,100.5,35.7c75.8,32.2,133.7,44.5,192.6,49.7\n\tc23.6,2.1,48.7,3.5,103.4-2.5c54.7-6,106.2-25.6,106.2-25.6V0H0v30.3c0,0,72,32.6,158.4,30.5c39.2-0.7,92.8-6.7,134-22.4\n\tc21.2-8.1,52.2-18.2,79.7-24.2C399.3,7.9,411.6,7.5,421.9,6.5z\"\/>\n<\/svg>\t\t<\/div>\n\t\t\t\t<div class=\"elementor-shape elementor-shape-bottom\" aria-hidden=\"true\" data-negative=\"false\">\n\t\t\t<svg xmlns=\"http:\/\/www.w3.org\/2000\/svg\" viewBox=\"0 0 1000 100\" preserveAspectRatio=\"none\">\n\t<path class=\"elementor-shape-fill\" d=\"M421.9,6.5c22.6-2.5,51.5,0.4,75.5,5.3c23.6,4.9,70.9,23.5,100.5,35.7c75.8,32.2,133.7,44.5,192.6,49.7\n\tc23.6,2.1,48.7,3.5,103.4-2.5c54.7-6,106.2-25.6,106.2-25.6V0H0v30.3c0,0,72,32.6,158.4,30.5c39.2-0.7,92.8-6.7,134-22.4\n\tc21.2-8.1,52.2-18.2,79.7-24.2C399.3,7.9,411.6,7.5,421.9,6.5z\"\/>\n<\/svg>\t\t<\/div>\n\t\t<div class=\"elementor-element elementor-element-303e670 e-con-full e-flex e-con e-child\" data-id=\"303e670\" data-element_type=\"container\" data-e-type=\"container\">\n\t\t\t\t<div class=\"elementor-element elementor-element-b392dfe elementor-widget elementor-widget-image\" data-id=\"b392dfe\" data-element_type=\"widget\" data-e-type=\"widget\" data-widget_type=\"image.default\">\n\t\t\t\t<div class=\"elementor-widget-container\">\n\t\t\t\t\t\t\t\t\t\t\t\t\t\t\t<img loading=\"lazy\" decoding=\"async\" width=\"693\" height=\"390\" src=\"https:\/\/swobbee.com\/wp-content\/uploads\/2026\/02\/Swobbee_Yamaha_Bundestag-693x390.jpg\" class=\"attachment-large size-large wp-image-48287\" alt=\"\" srcset=\"https:\/\/swobbee.com\/wp-content\/uploads\/2026\/02\/Swobbee_Yamaha_Bundestag-693x390.jpg 693w, https:\/\/swobbee.com\/wp-content\/uploads\/2026\/02\/Swobbee_Yamaha_Bundestag-570x321.jpg 570w, https:\/\/swobbee.com\/wp-content\/uploads\/2026\/02\/Swobbee_Yamaha_Bundestag-768x432.jpg 768w, https:\/\/swobbee.com\/wp-content\/uploads\/2026\/02\/Swobbee_Yamaha_Bundestag-1536x864.jpg 1536w, https:\/\/swobbee.com\/wp-content\/uploads\/2026\/02\/Swobbee_Yamaha_Bundestag-2048x1152.jpg 2048w\" sizes=\"(max-width: 693px) 100vw, 693px\" \/>\t\t\t\t\t\t\t\t\t\t\t\t\t\t\t<\/div>\n\t\t\t\t<\/div>\n\t\t\t\t<\/div>\n\t\t<div class=\"elementor-element elementor-element-de6c36c e-con-full e-flex e-con e-child\" data-id=\"de6c36c\" data-element_type=\"container\" data-e-type=\"container\">\n\t\t\t\t<div class=\"elementor-element elementor-element-05a1fcf elementor-widget elementor-widget-heading\" data-id=\"05a1fcf\" data-element_type=\"widget\" data-e-type=\"widget\" data-widget_type=\"heading.default\">\n\t\t\t\t<div class=\"elementor-widget-container\">\n\t\t\t\t\t<h2 class=\"elementor-heading-title elementor-size-default\">\nKfz-Alternativen  f\u00f6rdern<\/h2>\t\t\t\t<\/div>\n\t\t\t\t<\/div>\n\t\t\t\t<div class=\"elementor-element elementor-element-9dbbce3 elementor-widget elementor-widget-text-editor\" data-id=\"9dbbce3\" data-element_type=\"widget\" data-e-type=\"widget\" data-widget_type=\"text-editor.default\">\n\t\t\t\t<div class=\"elementor-widget-container\">\n\t\t\t\t\t\t\t\t\t<p>Die smarte Energieinfrastruktur von Swobbee tr\u00e4gt dazu bei, dass sich Mikromobilit\u00e4tsbasierte Sharing-, Logistik- und Transportl\u00f6sungen wirtschaftlich umsetzen lassen. Dies leistet einen aktiven Beitrag zur Verkehrswende in den St\u00e4dten.<\/p>\t\t\t\t\t\t\t\t<\/div>\n\t\t\t\t<\/div>\n\t\t\t\t<\/div>\n\t\t\t\t\t<\/div>\n\t\t\t\t<\/div>\n\t\t\t\t<\/div>\n\t\t","protected":false},"excerpt":{"rendered":"<p>Unser Beitrag zu lebenswerten St\u00e4dten Nachhaltigkeit Akkus effizienter nutzen Dank intelligentem Akkumanagement und Klimatisierung werden die Akkus in Swobbee-Stationen unter optimalen Bedingungen geladen und aufbewahrt.&hellip;<\/p>\n","protected":false},"author":207,"featured_media":0,"parent":0,"menu_order":0,"comment_status":"closed","ping_status":"closed","template":"elementor_header_footer","meta":{"footnotes":"","_links_to":"","_links_to_target":""},"class_list":["post-34078","page","type-page","status-publish","hentry"],"_links":{"self":[{"href":"https:\/\/swobbee.com\/de\/wp-json\/wp\/v2\/pages\/34078","targetHints":{"allow":["GET"]}}],"collection":[{"href":"https:\/\/swobbee.com\/de\/wp-json\/wp\/v2\/pages"}],"about":[{"href":"https:\/\/swobbee.com\/de\/wp-json\/wp\/v2\/types\/page"}],"author":[{"embeddable":true,"href":"https:\/\/swobbee.com\/de\/wp-json\/wp\/v2\/users\/207"}],"replies":[{"embeddable":true,"href":"https:\/\/swobbee.com\/de\/wp-json\/wp\/v2\/comments?post=34078"}],"version-history":[{"count":9,"href":"https:\/\/swobbee.com\/de\/wp-json\/wp\/v2\/pages\/34078\/revisions"}],"predecessor-version":[{"id":48315,"href":"https:\/\/swobbee.com\/de\/wp-json\/wp\/v2\/pages\/34078\/revisions\/48315"}],"wp:attachment":[{"href":"https:\/\/swobbee.com\/de\/wp-json\/wp\/v2\/media?parent=34078"}],"curies":[{"name":"wp","href":"https:\/\/api.w.org\/{rel}","templated":true}]}}